{"id":411,"date":"2022-11-18T17:29:05","date_gmt":"2022-11-18T20:29:05","guid":{"rendered":"https:\/\/emobby.com\/site\/?page_id=411"},"modified":"2022-11-29T16:35:36","modified_gmt":"2022-11-29T19:35:36","slug":"watts","status":"publish","type":"page","link":"https:\/\/emobby.com\/site\/watts\/","title":{"rendered":"Watts"},"content":{"rendered":"\t\t<div data-elementor-type=\"wp-page\" data-elementor-id=\"411\" class=\"elementor elementor-411\">\n\t\t\t\t\t\t<section class=\"elementor-section elementor-top-section elementor-element elementor-element-c9617a5 elementor-section-height-min-height elementor-section-boxed elementor-section-height-default elementor-section-items-middle\" data-id=\"c9617a5\" data-element_type=\"section\" data-settings=\"{&quot;background_background&quot;:&quot;classic&quot;}\">\n\t\t\t\t\t\t<div class=\"elementor-container elementor-column-gap-default\">\n\t\t\t\t\t<div class=\"elementor-column elementor-col-100 elementor-top-column elementor-element elementor-element-27995a1\" data-id=\"27995a1\" data-element_type=\"column\">\n\t\t\t<div class=\"elementor-widget-wrap elementor-element-populated\">\n\t\t\t\t\t\t\t<\/div>\n\t\t<\/div>\n\t\t\t\t\t<\/div>\n\t\t<\/section>\n\t\t\t\t<section class=\"elementor-section elementor-top-section elementor-element elementor-element-baa30fa elementor-section-boxed elementor-section-height-default elementor-section-height-default\" data-id=\"baa30fa\" data-element_type=\"section\">\n\t\t\t\t\t\t<div class=\"elementor-container elementor-column-gap-default\">\n\t\t\t\t\t<div class=\"elementor-column elementor-col-100 elementor-top-column elementor-element elementor-element-cae6182\" data-id=\"cae6182\" data-element_type=\"column\">\n\t\t\t<div class=\"elementor-widget-wrap elementor-element-populated\">\n\t\t\t\t\t\t<div class=\"elementor-element elementor-element-a99beda elementor-widget elementor-widget-heading\" data-id=\"a99beda\" data-element_type=\"widget\" data-widget_type=\"heading.default\">\n\t\t\t\t<div class=\"elementor-widget-container\">\n\t\t\t\t\t<h2 class=\"elementor-heading-title elementor-size-default\">Sobre a  <span style=\"color:#A1E741\"> WATTS<\/span><\/h2>\t\t\t\t<\/div>\n\t\t\t\t<\/div>\n\t\t\t\t<div class=\"elementor-element elementor-element-3c011fc elementor-widget elementor-widget-text-editor\" data-id=\"3c011fc\" data-element_type=\"widget\" data-widget_type=\"text-editor.default\">\n\t\t\t\t<div class=\"elementor-widget-container\">\n\t\t\t\t\t\t\t\t\t<p>A <strong>Watts<\/strong> \u00e9 uma startup (do grupo Multilaser) criada para solucionar os problemas de mobilidade de forma sustent\u00e1vel, com a miss\u00e3o de demonstrar atrav\u00e9s de produtos inovadores e seguros, uma nova op\u00e7\u00e3o de mobilidade com zero emiss\u00e3o de CO2.<\/p><p><strong>Miss\u00e3o:<\/strong> Oferecer alternativas de transportes sustent\u00e1veis, por meio de produtos inovadores, seguros, confort\u00e1veis e econ\u00f4micos.<\/p><p><strong>Vis\u00e3o:<\/strong> Ser uma empresa refer\u00eancia em desenvolvimento de ve\u00edculos el\u00e9tricos, com a maior rede brasileira de distribui\u00e7\u00e3o.<\/p><p><strong>Valores:<\/strong> A inova\u00e7\u00e3o, a satisfa\u00e7\u00e3o dos nossos clientes, o meio ambiente e a qualidade de vida atrav\u00e9s da mobilidade.<\/p><p>Al\u00e9m de design \u00fanico, buscamos inovar com novas solu\u00e7\u00f5es que atendam todas as necessidades, sempre garantindo conforto, seguran\u00e7a e economia.<\/p>\t\t\t\t\t\t\t\t<\/div>\n\t\t\t\t<\/div>\n\t\t\t\t\t<\/div>\n\t\t<\/div>\n\t\t\t\t\t<\/div>\n\t\t<\/section>\n\t\t\t\t<section class=\"elementor-section elementor-top-section elementor-element elementor-element-a321216 elementor-section-boxed elementor-section-height-default elementor-section-height-default\" data-id=\"a321216\" data-element_type=\"section\" data-settings=\"{&quot;background_background&quot;:&quot;classic&quot;}\">\n\t\t\t\t\t\t<div class=\"elementor-container elementor-column-gap-default\">\n\t\t\t\t\t<div class=\"elementor-column elementor-col-50 elementor-top-column elementor-element elementor-element-dce7773\" data-id=\"dce7773\" data-element_type=\"column\">\n\t\t\t<div class=\"elementor-widget-wrap elementor-element-populated\">\n\t\t\t\t\t\t<div class=\"elementor-element elementor-element-0d78e50 elementor-widget elementor-widget-heading\" data-id=\"0d78e50\" data-element_type=\"widget\" data-widget_type=\"heading.default\">\n\t\t\t\t<div class=\"elementor-widget-container\">\n\t\t\t\t\t<h2 class=\"elementor-heading-title elementor-size-default\">GARANTIA <span style=\"color:#A1E741\"> WATTS<\/span><\/h2>\t\t\t\t<\/div>\n\t\t\t\t<\/div>\n\t\t\t\t<div class=\"elementor-element elementor-element-7212180 elementor-widget elementor-widget-text-editor\" data-id=\"7212180\" data-element_type=\"widget\" data-widget_type=\"text-editor.default\">\n\t\t\t\t<div class=\"elementor-widget-container\">\n\t\t\t\t\t\t\t\t\t<p>Programas de <strong>revis\u00e3o gratuita<\/strong> inclu\u00eddos quando a sua W125 completar <strong>1.000 km<\/strong> e <strong>5.000 km<\/strong> rodados<\/p>\t\t\t\t\t\t\t\t<\/div>\n\t\t\t\t<\/div>\n\t\t\t\t<div class=\"elementor-element elementor-element-37f379d elementor-widget__width-initial elementor-widget elementor-widget-heading\" data-id=\"37f379d\" data-element_type=\"widget\" data-widget_type=\"heading.default\">\n\t\t\t\t<div class=\"elementor-widget-container\">\n\t\t\t\t\t<h2 class=\"elementor-heading-title elementor-size-default\">12 MESES<\/h2>\t\t\t\t<\/div>\n\t\t\t\t<\/div>\n\t\t\t\t<div class=\"elementor-element elementor-element-f27dff6 elementor-widget__width-initial elementor-widget elementor-widget-heading\" data-id=\"f27dff6\" data-element_type=\"widget\" data-widget_type=\"heading.default\">\n\t\t\t\t<div class=\"elementor-widget-container\">\n\t\t\t\t\t<h2 class=\"elementor-heading-title elementor-size-default\">de garantia do produto<\/h2>\t\t\t\t<\/div>\n\t\t\t\t<\/div>\n\t\t\t\t<div class=\"elementor-element elementor-element-621a154 elementor-widget elementor-widget-spacer\" data-id=\"621a154\" data-element_type=\"widget\" data-widget_type=\"spacer.default\">\n\t\t\t\t<div class=\"elementor-widget-container\">\n\t\t\t\t\t\t\t<div class=\"elementor-spacer\">\n\t\t\t<div class=\"elementor-spacer-inner\"><\/div>\n\t\t<\/div>\n\t\t\t\t\t\t<\/div>\n\t\t\t\t<\/div>\n\t\t\t\t<div class=\"elementor-element elementor-element-0a77af3 elementor-widget__width-initial elementor-widget elementor-widget-heading\" data-id=\"0a77af3\" data-element_type=\"widget\" data-widget_type=\"heading.default\">\n\t\t\t\t<div class=\"elementor-widget-container\">\n\t\t\t\t\t<h2 class=\"elementor-heading-title elementor-size-default\">24 MESES<\/h2>\t\t\t\t<\/div>\n\t\t\t\t<\/div>\n\t\t\t\t<div class=\"elementor-element elementor-element-48d7144 elementor-widget__width-initial elementor-widget elementor-widget-heading\" data-id=\"48d7144\" data-element_type=\"widget\" data-widget_type=\"heading.default\">\n\t\t\t\t<div class=\"elementor-widget-container\">\n\t\t\t\t\t<h2 class=\"elementor-heading-title elementor-size-default\">de garantia do motor e kit el\u00e9trico<\/h2>\t\t\t\t<\/div>\n\t\t\t\t<\/div>\n\t\t\t\t\t<\/div>\n\t\t<\/div>\n\t\t\t\t<div class=\"elementor-column elementor-col-50 elementor-top-column elementor-element elementor-element-603fa24\" data-id=\"603fa24\" data-element_type=\"column\">\n\t\t\t<div class=\"elementor-widget-wrap elementor-element-populated\">\n\t\t\t\t\t\t<div class=\"elementor-element elementor-element-04186e5 elementor-widget elementor-widget-image\" data-id=\"04186e5\" data-element_type=\"widget\" data-widget_type=\"image.default\">\n\t\t\t\t<div class=\"elementor-widget-container\">\n\t\t\t\t\t\t\t\t\t\t\t\t\t\t\t<img fetchpriority=\"high\" decoding=\"async\" width=\"591\" height=\"552\" src=\"https:\/\/emobby.com\/site\/wp-content\/uploads\/2022\/10\/GARANTIA.png\" class=\"attachment-large size-large wp-image-58\" alt=\"\" srcset=\"https:\/\/emobby.com\/site\/wp-content\/uploads\/2022\/10\/GARANTIA.png 591w, https:\/\/emobby.com\/site\/wp-content\/uploads\/2022\/10\/GARANTIA-300x280.png 300w\" sizes=\"(max-width: 591px) 100vw, 591px\" \/>\t\t\t\t\t\t\t\t\t\t\t\t\t\t\t<\/div>\n\t\t\t\t<\/div>\n\t\t\t\t\t<\/div>\n\t\t<\/div>\n\t\t\t\t\t<\/div>\n\t\t<\/section>\n\t\t\t\t<section class=\"elementor-section elementor-top-section elementor-element elementor-element-ed3a114 elementor-section-boxed elementor-section-height-default elementor-section-height-default\" data-id=\"ed3a114\" data-element_type=\"section\" data-settings=\"{&quot;background_background&quot;:&quot;classic&quot;}\">\n\t\t\t\t\t\t<div class=\"elementor-container elementor-column-gap-default\">\n\t\t\t\t\t<div class=\"elementor-column elementor-col-50 elementor-top-column elementor-element elementor-element-7b3e237\" data-id=\"7b3e237\" data-element_type=\"column\">\n\t\t\t<div class=\"elementor-widget-wrap elementor-element-populated\">\n\t\t\t\t\t\t<div class=\"elementor-element elementor-element-ac15f67 elementor-widget elementor-widget-heading\" data-id=\"ac15f67\" data-element_type=\"widget\" data-widget_type=\"heading.default\">\n\t\t\t\t<div class=\"elementor-widget-container\">\n\t\t\t\t\t<h2 class=\"elementor-heading-title elementor-size-default\">ENTRE EM CONTATO PELO WHATSAPP<\/h2>\t\t\t\t<\/div>\n\t\t\t\t<\/div>\n\t\t\t\t\t<\/div>\n\t\t<\/div>\n\t\t\t\t<div class=\"elementor-column elementor-col-50 elementor-top-column elementor-element elementor-element-0865b7b\" data-id=\"0865b7b\" data-element_type=\"column\">\n\t\t\t<div class=\"elementor-widget-wrap elementor-element-populated\">\n\t\t\t\t\t\t<div class=\"elementor-element elementor-element-1be79f7 elementor-mobile-align-center elementor-widget elementor-widget-button\" data-id=\"1be79f7\" data-element_type=\"widget\" data-widget_type=\"button.default\">\n\t\t\t\t<div class=\"elementor-widget-container\">\n\t\t\t\t\t\t\t\t\t<div class=\"elementor-button-wrapper\">\n\t\t\t\t\t<a class=\"elementor-button elementor-button-link elementor-size-xl\" href=\"https:\/\/wa.me\/5511965737892\">\n\t\t\t\t\t\t<span class=\"elementor-button-content-wrapper\">\n\t\t\t\t\t\t<span class=\"elementor-button-icon\">\n\t\t\t\t<i aria-hidden=\"true\" class=\"fab fa-whatsapp\"><\/i>\t\t\t<\/span>\n\t\t\t\t\t\t\t\t\t<span class=\"elementor-button-text\">(11)\u00a096573-7892<\/span>\n\t\t\t\t\t<\/span>\n\t\t\t\t\t<\/a>\n\t\t\t\t<\/div>\n\t\t\t\t\t\t\t\t<\/div>\n\t\t\t\t<\/div>\n\t\t\t\t\t<\/div>\n\t\t<\/div>\n\t\t\t\t\t<\/div>\n\t\t<\/section>\n\t\t\t\t<\/div>\n\t\t","protected":false},"excerpt":{"rendered":"<p>Sobre a WATTS A Watts \u00e9 uma startup (do grupo Multilaser) criada para solucionar os problemas de mobilidade de forma sustent\u00e1vel, com a miss\u00e3o de demonstrar atrav\u00e9s de produtos inovadores e seguros, uma nova op\u00e7\u00e3o de mobilidade com zero emiss\u00e3o de CO2. Miss\u00e3o: Oferecer alternativas de transportes sustent\u00e1veis, por meio de produtos inovadores, seguros, confort\u00e1veis [&hellip;]<\/p>\n","protected":false},"author":1,"featured_media":0,"parent":0,"menu_order":0,"comment_status":"closed","ping_status":"closed","template":"elementor_header_footer","meta":{"footnotes":""},"class_list":["post-411","page","type-page","status-publish","hentry"],"yoast_head":"<!-- This site is optimized with the Yoast SEO plugin v26.9 - https:\/\/yoast.com\/product\/yoast-seo-wordpress\/ -->\n<title>Watts - E-mobby<\/title>\n<meta name=\"robots\" content=\"index, follow, max-snippet:-1, max-image-preview:large, max-video-preview:-1\" \/>\n<link rel=\"canonical\" href=\"https:\/\/emobby.com\/site\/watts\/\" \/>\n<meta property=\"og:locale\" content=\"pt_BR\" \/>\n<meta property=\"og:type\" content=\"article\" \/>\n<meta property=\"og:title\" content=\"Watts - E-mobby\" \/>\n<meta property=\"og:description\" content=\"Sobre a WATTS A Watts \u00e9 uma startup (do grupo Multilaser) criada para solucionar os problemas de mobilidade de forma sustent\u00e1vel, com a miss\u00e3o de demonstrar atrav\u00e9s de produtos inovadores e seguros, uma nova op\u00e7\u00e3o de mobilidade com zero emiss\u00e3o de CO2. Miss\u00e3o: Oferecer alternativas de transportes sustent\u00e1veis, por meio de produtos inovadores, seguros, confort\u00e1veis [&hellip;]\" \/>\n<meta property=\"og:url\" content=\"https:\/\/emobby.com\/site\/watts\/\" \/>\n<meta property=\"og:site_name\" content=\"E-mobby\" \/>\n<meta property=\"article:modified_time\" content=\"2022-11-29T19:35:36+00:00\" \/>\n<meta property=\"og:image\" content=\"https:\/\/emobby.com\/site\/wp-content\/uploads\/2022\/10\/GARANTIA.png\" \/>\n<meta name=\"twitter:card\" content=\"summary_large_image\" \/>\n<meta name=\"twitter:label1\" content=\"Est. tempo de leitura\" \/>\n\t<meta name=\"twitter:data1\" content=\"1 minuto\" \/>\n<script type=\"application\/ld+json\" class=\"yoast-schema-graph\">{\"@context\":\"https:\/\/schema.org\",\"@graph\":[{\"@type\":\"WebPage\",\"@id\":\"https:\/\/emobby.com\/site\/watts\/\",\"url\":\"https:\/\/emobby.com\/site\/watts\/\",\"name\":\"Watts - E-mobby\",\"isPartOf\":{\"@id\":\"https:\/\/emobby.com\/site\/#website\"},\"primaryImageOfPage\":{\"@id\":\"https:\/\/emobby.com\/site\/watts\/#primaryimage\"},\"image\":{\"@id\":\"https:\/\/emobby.com\/site\/watts\/#primaryimage\"},\"thumbnailUrl\":\"https:\/\/emobby.com\/site\/wp-content\/uploads\/2022\/10\/GARANTIA.png\",\"datePublished\":\"2022-11-18T20:29:05+00:00\",\"dateModified\":\"2022-11-29T19:35:36+00:00\",\"breadcrumb\":{\"@id\":\"https:\/\/emobby.com\/site\/watts\/#breadcrumb\"},\"inLanguage\":\"pt-BR\",\"potentialAction\":[{\"@type\":\"ReadAction\",\"target\":[\"https:\/\/emobby.com\/site\/watts\/\"]}]},{\"@type\":\"ImageObject\",\"inLanguage\":\"pt-BR\",\"@id\":\"https:\/\/emobby.com\/site\/watts\/#primaryimage\",\"url\":\"https:\/\/emobby.com\/site\/wp-content\/uploads\/2022\/10\/GARANTIA.png\",\"contentUrl\":\"https:\/\/emobby.com\/site\/wp-content\/uploads\/2022\/10\/GARANTIA.png\",\"width\":591,\"height\":552},{\"@type\":\"BreadcrumbList\",\"@id\":\"https:\/\/emobby.com\/site\/watts\/#breadcrumb\",\"itemListElement\":[{\"@type\":\"ListItem\",\"position\":1,\"name\":\"In\u00edcio\",\"item\":\"https:\/\/emobby.com\/site\/\"},{\"@type\":\"ListItem\",\"position\":2,\"name\":\"Watts\"}]},{\"@type\":\"WebSite\",\"@id\":\"https:\/\/emobby.com\/site\/#website\",\"url\":\"https:\/\/emobby.com\/site\/\",\"name\":\"E-mobby\",\"description\":\"Mobilidade El\u00e9trica\",\"publisher\":{\"@id\":\"https:\/\/emobby.com\/site\/#organization\"},\"potentialAction\":[{\"@type\":\"SearchAction\",\"target\":{\"@type\":\"EntryPoint\",\"urlTemplate\":\"https:\/\/emobby.com\/site\/?s={search_term_string}\"},\"query-input\":{\"@type\":\"PropertyValueSpecification\",\"valueRequired\":true,\"valueName\":\"search_term_string\"}}],\"inLanguage\":\"pt-BR\"},{\"@type\":\"Organization\",\"@id\":\"https:\/\/emobby.com\/site\/#organization\",\"name\":\"E-mobby\",\"url\":\"https:\/\/emobby.com\/site\/\",\"logo\":{\"@type\":\"ImageObject\",\"inLanguage\":\"pt-BR\",\"@id\":\"https:\/\/emobby.com\/site\/#\/schema\/logo\/image\/\",\"url\":\"https:\/\/emobby.com\/site\/wp-content\/uploads\/2022\/10\/Logo-eMobby-nova.jpg\",\"contentUrl\":\"https:\/\/emobby.com\/site\/wp-content\/uploads\/2022\/10\/Logo-eMobby-nova.jpg\",\"width\":1280,\"height\":338,\"caption\":\"E-mobby\"},\"image\":{\"@id\":\"https:\/\/emobby.com\/site\/#\/schema\/logo\/image\/\"},\"sameAs\":[\"https:\/\/www.instagram.com\/emobbyjundiai\/\"]}]}<\/script>\n<!-- \/ Yoast SEO plugin. -->","yoast_head_json":{"title":"Watts - E-mobby","robots":{"index":"index","follow":"follow","max-snippet":"max-snippet:-1","max-image-preview":"max-image-preview:large","max-video-preview":"max-video-preview:-1"},"canonical":"https:\/\/emobby.com\/site\/watts\/","og_locale":"pt_BR","og_type":"article","og_title":"Watts - E-mobby","og_description":"Sobre a WATTS A Watts \u00e9 uma startup (do grupo Multilaser) criada para solucionar os problemas de mobilidade de forma sustent\u00e1vel, com a miss\u00e3o de demonstrar atrav\u00e9s de produtos inovadores e seguros, uma nova op\u00e7\u00e3o de mobilidade com zero emiss\u00e3o de CO2. Miss\u00e3o: Oferecer alternativas de transportes sustent\u00e1veis, por meio de produtos inovadores, seguros, confort\u00e1veis [&hellip;]","og_url":"https:\/\/emobby.com\/site\/watts\/","og_site_name":"E-mobby","article_modified_time":"2022-11-29T19:35:36+00:00","og_image":[{"url":"https:\/\/emobby.com\/site\/wp-content\/uploads\/2022\/10\/GARANTIA.png","type":"","width":"","height":""}],"twitter_card":"summary_large_image","twitter_misc":{"Est. tempo de leitura":"1 minuto"},"schema":{"@context":"https:\/\/schema.org","@graph":[{"@type":"WebPage","@id":"https:\/\/emobby.com\/site\/watts\/","url":"https:\/\/emobby.com\/site\/watts\/","name":"Watts - E-mobby","isPartOf":{"@id":"https:\/\/emobby.com\/site\/#website"},"primaryImageOfPage":{"@id":"https:\/\/emobby.com\/site\/watts\/#primaryimage"},"image":{"@id":"https:\/\/emobby.com\/site\/watts\/#primaryimage"},"thumbnailUrl":"https:\/\/emobby.com\/site\/wp-content\/uploads\/2022\/10\/GARANTIA.png","datePublished":"2022-11-18T20:29:05+00:00","dateModified":"2022-11-29T19:35:36+00:00","breadcrumb":{"@id":"https:\/\/emobby.com\/site\/watts\/#breadcrumb"},"inLanguage":"pt-BR","potentialAction":[{"@type":"ReadAction","target":["https:\/\/emobby.com\/site\/watts\/"]}]},{"@type":"ImageObject","inLanguage":"pt-BR","@id":"https:\/\/emobby.com\/site\/watts\/#primaryimage","url":"https:\/\/emobby.com\/site\/wp-content\/uploads\/2022\/10\/GARANTIA.png","contentUrl":"https:\/\/emobby.com\/site\/wp-content\/uploads\/2022\/10\/GARANTIA.png","width":591,"height":552},{"@type":"BreadcrumbList","@id":"https:\/\/emobby.com\/site\/watts\/#breadcrumb","itemListElement":[{"@type":"ListItem","position":1,"name":"In\u00edcio","item":"https:\/\/emobby.com\/site\/"},{"@type":"ListItem","position":2,"name":"Watts"}]},{"@type":"WebSite","@id":"https:\/\/emobby.com\/site\/#website","url":"https:\/\/emobby.com\/site\/","name":"E-mobby","description":"Mobilidade El\u00e9trica","publisher":{"@id":"https:\/\/emobby.com\/site\/#organization"},"potentialAction":[{"@type":"SearchAction","target":{"@type":"EntryPoint","urlTemplate":"https:\/\/emobby.com\/site\/?s={search_term_string}"},"query-input":{"@type":"PropertyValueSpecification","valueRequired":true,"valueName":"search_term_string"}}],"inLanguage":"pt-BR"},{"@type":"Organization","@id":"https:\/\/emobby.com\/site\/#organization","name":"E-mobby","url":"https:\/\/emobby.com\/site\/","logo":{"@type":"ImageObject","inLanguage":"pt-BR","@id":"https:\/\/emobby.com\/site\/#\/schema\/logo\/image\/","url":"https:\/\/emobby.com\/site\/wp-content\/uploads\/2022\/10\/Logo-eMobby-nova.jpg","contentUrl":"https:\/\/emobby.com\/site\/wp-content\/uploads\/2022\/10\/Logo-eMobby-nova.jpg","width":1280,"height":338,"caption":"E-mobby"},"image":{"@id":"https:\/\/emobby.com\/site\/#\/schema\/logo\/image\/"},"sameAs":["https:\/\/www.instagram.com\/emobbyjundiai\/"]}]}},"_links":{"self":[{"href":"https:\/\/emobby.com\/site\/wp-json\/wp\/v2\/pages\/411","targetHints":{"allow":["GET"]}}],"collection":[{"href":"https:\/\/emobby.com\/site\/wp-json\/wp\/v2\/pages"}],"about":[{"href":"https:\/\/emobby.com\/site\/wp-json\/wp\/v2\/types\/page"}],"author":[{"embeddable":true,"href":"https:\/\/emobby.com\/site\/wp-json\/wp\/v2\/users\/1"}],"replies":[{"embeddable":true,"href":"https:\/\/emobby.com\/site\/wp-json\/wp\/v2\/comments?post=411"}],"version-history":[{"count":19,"href":"https:\/\/emobby.com\/site\/wp-json\/wp\/v2\/pages\/411\/revisions"}],"predecessor-version":[{"id":793,"href":"https:\/\/emobby.com\/site\/wp-json\/wp\/v2\/pages\/411\/revisions\/793"}],"wp:attachment":[{"href":"https:\/\/emobby.com\/site\/wp-json\/wp\/v2\/media?parent=411"}],"curies":[{"name":"wp","href":"https:\/\/api.w.org\/{rel}","templated":true}]}}